{"id":189,"date":"2018-04-21T08:46:23","date_gmt":"2018-04-21T08:46:23","guid":{"rendered":"http:\/\/www.hdcice.is\/wp\/?page_id=189"},"modified":"2024-08-16T11:11:52","modified_gmt":"2024-08-16T11:11:52","slug":"harley-dvidson-club-iceland-home","status":"publish","type":"page","link":"https:\/\/hdcice.is\/en\/","title":{"rendered":"Harley-Davidson Club Iceland"},"content":{"rendered":"","protected":false},"excerpt":{"rendered":"","protected":false},"author":209,"featured_media":0,"parent":0,"menu_order":0,"comment_status":"closed","ping_status":"closed","template":"","meta":{"footnotes":""},"class_list":["post-189","page","type-page","status-publish","hentry"],"yoast_head":"<!-- This site is optimized with the Yoast SEO plugin v27.0 - https:\/\/yoast.com\/product\/yoast-seo-wordpress\/ -->\n<title>Harley-Davidson Club Iceland<\/title>\n<meta name=\"description\" content=\"Harley-Davidson Club Iceland var stofna\u00f0ur \u00ed september 2005. H-DCICE er \u00e1hugakl\u00fabbur me\u00f0 \u00fea\u00f0 a\u00f0 markmi\u00f0i a\u00f0 g\u00e6ta hagsmuna \u00edslenskra Harley-Davidson og Buell eigenda gagnvart yfirv\u00f6ldum og \u00f6\u00f0rum utana\u00f0komandi \u00e1hrifum.\" \/>\n<meta name=\"robots\" content=\"index, follow, max-snippet:-1, max-image-preview:large, max-video-preview:-1\" \/>\n<link rel=\"canonical\" href=\"https:\/\/hdcice.is\/en\/\" \/>\n<meta property=\"og:locale\" content=\"en_US\" \/>\n<meta property=\"og:locale:alternate\" content=\"is_IS\" \/>\n<meta property=\"og:type\" content=\"article\" \/>\n<meta property=\"og:title\" content=\"Harley-Davidson Club Iceland\" \/>\n<meta property=\"og:description\" content=\"Harley-Davidson Club Iceland var stofna\u00f0ur \u00ed september 2005. H-DCICE er \u00e1hugakl\u00fabbur me\u00f0 \u00fea\u00f0 a\u00f0 markmi\u00f0i a\u00f0 g\u00e6ta hagsmuna \u00edslenskra Harley-Davidson og Buell eigenda gagnvart yfirv\u00f6ldum og \u00f6\u00f0rum utana\u00f0komandi \u00e1hrifum.\" \/>\n<meta property=\"og:url\" content=\"https:\/\/hdcice.is\/en\/\" \/>\n<meta property=\"og:site_name\" content=\"HARLEY-DAVIDSON CLUB ICELAND\" \/>\n<meta property=\"article:publisher\" content=\"https:\/\/www.facebook.com\/stjorn.hdcice\" \/>\n<meta property=\"article:modified_time\" content=\"2024-08-16T11:11:52+00:00\" \/>\n<meta name=\"twitter:card\" content=\"summary_large_image\" \/>\n<script type=\"application\/ld+json\" class=\"yoast-schema-graph\">{\"@context\":\"https:\/\/schema.org\",\"@graph\":[{\"@type\":\"WebPage\",\"@id\":\"https:\/\/hdcice.is\/\",\"url\":\"https:\/\/hdcice.is\/\",\"name\":\"Harley-Davidson Club Iceland\",\"isPartOf\":{\"@id\":\"https:\/\/hdcice.is\/#website\"},\"datePublished\":\"2018-04-21T08:46:23+00:00\",\"dateModified\":\"2024-08-16T11:11:52+00:00\",\"description\":\"Harley-Davidson Club Iceland var stofna\u00f0ur \u00ed september 2005. H-DCICE er \u00e1hugakl\u00fabbur me\u00f0 \u00fea\u00f0 a\u00f0 markmi\u00f0i a\u00f0 g\u00e6ta hagsmuna \u00edslenskra Harley-Davidson og Buell eigenda gagnvart yfirv\u00f6ldum og \u00f6\u00f0rum utana\u00f0komandi \u00e1hrifum.\",\"breadcrumb\":{\"@id\":\"https:\/\/hdcice.is\/#breadcrumb\"},\"inLanguage\":\"en-US\",\"potentialAction\":[{\"@type\":\"ReadAction\",\"target\":[\"https:\/\/hdcice.is\/\"]}]},{\"@type\":\"BreadcrumbList\",\"@id\":\"https:\/\/hdcice.is\/#breadcrumb\",\"itemListElement\":[{\"@type\":\"ListItem\",\"position\":1,\"name\":\"Home\",\"item\":\"https:\/\/hdcice.is\/\"},{\"@type\":\"ListItem\",\"position\":2,\"name\":\"Harley-Davidson Club Iceland\"}]},{\"@type\":\"WebSite\",\"@id\":\"https:\/\/hdcice.is\/#website\",\"url\":\"https:\/\/hdcice.is\/\",\"name\":\"Harley-Davidson Club Iceland\",\"description\":\"Harley-Davidson Club Iceland\",\"publisher\":{\"@id\":\"https:\/\/hdcice.is\/#organization\"},\"potentialAction\":[{\"@type\":\"SearchAction\",\"target\":{\"@type\":\"EntryPoint\",\"urlTemplate\":\"https:\/\/hdcice.is\/?s={search_term_string}\"},\"query-input\":{\"@type\":\"PropertyValueSpecification\",\"valueRequired\":true,\"valueName\":\"search_term_string\"}}],\"inLanguage\":\"en-US\"},{\"@type\":\"Organization\",\"@id\":\"https:\/\/hdcice.is\/#organization\",\"name\":\"Harley-Davidson Club Iceland\",\"url\":\"https:\/\/hdcice.is\/\",\"logo\":{\"@type\":\"ImageObject\",\"inLanguage\":\"en-US\",\"@id\":\"https:\/\/hdcice.is\/#\/schema\/logo\/image\/\",\"url\":\"https:\/\/hdcice.is\/wp-content\/uploads\/2024\/08\/Harley-staerra-_letur2021-2-small.png\",\"contentUrl\":\"https:\/\/hdcice.is\/wp-content\/uploads\/2024\/08\/Harley-staerra-_letur2021-2-small.png\",\"width\":250,\"height\":214,\"caption\":\"Harley-Davidson Club Iceland\"},\"image\":{\"@id\":\"https:\/\/hdcice.is\/#\/schema\/logo\/image\/\"},\"sameAs\":[\"https:\/\/www.facebook.com\/stjorn.hdcice\",\"https:\/\/www.instagram.com\/hdcice\"]}]}<\/script>\n<!-- \/ Yoast SEO plugin. -->","yoast_head_json":{"title":"Harley-Davidson Club Iceland","description":"Harley-Davidson Club Iceland var stofna\u00f0ur \u00ed september 2005. H-DCICE er \u00e1hugakl\u00fabbur me\u00f0 \u00fea\u00f0 a\u00f0 markmi\u00f0i a\u00f0 g\u00e6ta hagsmuna \u00edslenskra Harley-Davidson og Buell eigenda gagnvart yfirv\u00f6ldum og \u00f6\u00f0rum utana\u00f0komandi \u00e1hrifum.","robots":{"index":"index","follow":"follow","max-snippet":"max-snippet:-1","max-image-preview":"max-image-preview:large","max-video-preview":"max-video-preview:-1"},"canonical":"https:\/\/hdcice.is\/en\/","og_locale":"en_US","og_type":"article","og_title":"[:is]Harley-Davidson Club Iceland[:] - HARLEY-DAVIDSON CLUB ICELAND","og_description":"[:is]Harley-Davidson Club Iceland var stofna\u00f0ur \u00ed september 2005. H-DCICE er \u00e1hugakl\u00fabbur me\u00f0 \u00fea\u00f0 a\u00f0 markmi\u00f0i a\u00f0 g\u00e6ta hagsmuna \u00edslenskra Harley-Davidson og Buell eigenda gagnvart yfirv\u00f6ldum og \u00f6\u00f0rum utana\u00f0komandi \u00e1hrifum.[:]","og_url":"https:\/\/hdcice.is\/en\/","og_site_name":"HARLEY-DAVIDSON CLUB ICELAND","article_publisher":"https:\/\/www.facebook.com\/stjorn.hdcice","article_modified_time":"2024-08-16T11:11:52+00:00","twitter_card":"summary_large_image","schema":{"@context":"https:\/\/schema.org","@graph":[{"@type":"WebPage","@id":"https:\/\/hdcice.is\/","url":"https:\/\/hdcice.is\/","name":"Harley-Davidson Club Iceland","isPartOf":{"@id":"https:\/\/hdcice.is\/#website"},"datePublished":"2018-04-21T08:46:23+00:00","dateModified":"2024-08-16T11:11:52+00:00","description":"Harley-Davidson Club Iceland var stofna\u00f0ur \u00ed september 2005. H-DCICE er \u00e1hugakl\u00fabbur me\u00f0 \u00fea\u00f0 a\u00f0 markmi\u00f0i a\u00f0 g\u00e6ta hagsmuna \u00edslenskra Harley-Davidson og Buell eigenda gagnvart yfirv\u00f6ldum og \u00f6\u00f0rum utana\u00f0komandi \u00e1hrifum.","breadcrumb":{"@id":"https:\/\/hdcice.is\/#breadcrumb"},"inLanguage":"en-US","potentialAction":[{"@type":"ReadAction","target":["https:\/\/hdcice.is\/"]}]},{"@type":"BreadcrumbList","@id":"https:\/\/hdcice.is\/#breadcrumb","itemListElement":[{"@type":"ListItem","position":1,"name":"Home","item":"https:\/\/hdcice.is\/"},{"@type":"ListItem","position":2,"name":"Harley-Davidson Club Iceland"}]},{"@type":"WebSite","@id":"https:\/\/hdcice.is\/#website","url":"https:\/\/hdcice.is\/","name":"Harley-Davidson Club Iceland","description":"Harley-Davidson Club Iceland","publisher":{"@id":"https:\/\/hdcice.is\/#organization"},"potentialAction":[{"@type":"SearchAction","target":{"@type":"EntryPoint","urlTemplate":"https:\/\/hdcice.is\/?s={search_term_string}"},"query-input":{"@type":"PropertyValueSpecification","valueRequired":true,"valueName":"search_term_string"}}],"inLanguage":"en-US"},{"@type":"Organization","@id":"https:\/\/hdcice.is\/#organization","name":"Harley-Davidson Club Iceland","url":"https:\/\/hdcice.is\/","logo":{"@type":"ImageObject","inLanguage":"en-US","@id":"https:\/\/hdcice.is\/#\/schema\/logo\/image\/","url":"https:\/\/hdcice.is\/wp-content\/uploads\/2024\/08\/Harley-staerra-_letur2021-2-small.png","contentUrl":"https:\/\/hdcice.is\/wp-content\/uploads\/2024\/08\/Harley-staerra-_letur2021-2-small.png","width":250,"height":214,"caption":"Harley-Davidson Club Iceland"},"image":{"@id":"https:\/\/hdcice.is\/#\/schema\/logo\/image\/"},"sameAs":["https:\/\/www.facebook.com\/stjorn.hdcice","https:\/\/www.instagram.com\/hdcice"]}]}},"jetpack_sharing_enabled":true,"_links":{"self":[{"href":"https:\/\/hdcice.is\/en\/wp-json\/wp\/v2\/pages\/189","targetHints":{"allow":["GET"]}}],"collection":[{"href":"https:\/\/hdcice.is\/en\/wp-json\/wp\/v2\/pages"}],"about":[{"href":"https:\/\/hdcice.is\/en\/wp-json\/wp\/v2\/types\/page"}],"author":[{"embeddable":true,"href":"https:\/\/hdcice.is\/en\/wp-json\/wp\/v2\/users\/209"}],"replies":[{"embeddable":true,"href":"https:\/\/hdcice.is\/en\/wp-json\/wp\/v2\/comments?post=189"}],"version-history":[{"count":89,"href":"https:\/\/hdcice.is\/en\/wp-json\/wp\/v2\/pages\/189\/revisions"}],"predecessor-version":[{"id":1233,"href":"https:\/\/hdcice.is\/en\/wp-json\/wp\/v2\/pages\/189\/revisions\/1233"}],"wp:attachment":[{"href":"https:\/\/hdcice.is\/en\/wp-json\/wp\/v2\/media?parent=189"}],"curies":[{"name":"wp","href":"https:\/\/api.w.org\/{rel}","templated":true}]}}