{"id":34,"date":"2018-03-31T07:46:19","date_gmt":"2018-03-31T07:46:19","guid":{"rendered":"http:\/\/www.hdcice.is\/wp\/?page_id=34"},"modified":"2024-08-08T20:19:42","modified_gmt":"2024-08-08T20:19:42","slug":"um-harley-davidson-club-iceland","status":"publish","type":"page","link":"https:\/\/hdcice.is\/en\/um-harley-davidson-club-iceland\/","title":{"rendered":"Um Harley-Davidson Club Iceland"},"content":{"rendered":"\n<h2 class=\"wp-block-heading\">Um Harley-Davidson Club Iceland<\/h2>\n\n\n\n<p>Hugmynd a\u00f0 stofnun kl\u00fabbsins vakna\u00f0i hausti\u00f0 2003,<br>Lj-\u00d3skar Sigur\u00f0sson #3 b\u00fasettur \u00ed Noregi haf\u00f0i \u00fe\u00e1 veri\u00f0 me\u00f0limur Harley-Davidson Owners Club Norway (H-DOCN) um nokkurt skei\u00f0 og mj\u00f6g virkur innan kl\u00fabbsins. <\/p>\n\n\n\n<p>\u00dear sem \u00d3skar er \u00edslenskur og var kominn \u00ed stj\u00f3rn norska kl\u00fabbsins vakna\u00f0i s\u00fa spurning me\u00f0al norskra stj\u00f3rnarme\u00f0lima hversvegna \u00edslendingar v\u00e6ru ekki virkir \u00fe\u00e1tttakendur a\u00f0 svo \u00f6flugri menningu. \u00dea\u00f0 var svo veturinn 2003-2004 a\u00f0 S\u00e6var Samningama\u00f0ur f\u00f3r til Noregs og f\u00e9kk \u00feann hei\u00f0ur a\u00f0 f\u00e1 a\u00f0 hitta stj\u00f3rnarme\u00f0limi norska kl\u00fabbsins og sitja stj\u00f3rnarfund \u00feeirra, n\u00fa f\u00f3ru S\u00e6var og \u00d3skar a\u00f0 leggja \u00e1 r\u00e1\u00f0in um a\u00f0 hefjast handa vi\u00f0 a\u00f0 koma \u00edslenska kl\u00fabbnum \u00ed gang. \u00dea\u00f0 var f\u00f6studagskv\u00f6ld \u00ed \u00der\u00e1ndheimi og allt \u00e1 kafi \u00ed snj\u00f3 sem a\u00f0 f\u00e9lagar settust ni\u00f0ur me\u00f0 mj\u00f6\u00f0 og koniak, \u00fearna f\u00f3r \u00feetta a\u00f0 f\u00e6\u00f0ast, Lj-\u00d3skar sem hefur skemmtilegt lag \u00e1 bl\u00fdantnum lag\u00f0i dr\u00f6gin a\u00f0 kl\u00fabbmerkinu. Nokkrir m\u00e1nu\u00f0ir li\u00f0u og f\u00e9kk \u00fe\u00e1 S\u00e6var til li\u00f0s vi\u00f0 sig m\u00f3torhj\u00f3lab\u00f3ndann Dagr\u00fanu J\u00f3nsd\u00f3ttur \u00ed frekari undirb\u00faning, \u00fea\u00f0 var svo \u00e1 haustm\u00e1nu\u00f0um 2004 a\u00f0 stj\u00f3rnir Harley kl\u00fabba \u00ed: Finnlandi Sv\u00ed\u00fej\u00f3\u00f0, Noregi og Danm\u00f6rku \u00e1kv\u00e1\u00f0u a\u00f0 halda sinn \u00e1rlega nor\u00f0urlandafund \u00e1 \u00cdslandi, s\u00e9r \u00ed lagi af tilefni \u00feess a\u00f0 stofna \u00e6tti H-DC ICE. S\u00e6var og Dagr\u00fan undirbjuggu komu \u00feeirra og var \u00fdmsu tjalda\u00f0 til. Kynning \u00e1 Harley-Davidson kl\u00fabbunum var haldin hj\u00e1 Didda \u00ed Harley og sannar \u00edslenskar veigar veittar. S\u00e6var og Dagr\u00fan s\u00e1tu nor\u00f0urlandafund kl\u00fabbanna \u00e1 h\u00f3teli nokkru \u00ed Reykjav\u00edk og ur\u00f0u nokkurs v\u00edsari um starfsemi \u00feeirra. Meiningin var s\u00ed\u00f0an a\u00f0 halda stofnfund H-DC ICE nokkrum vikum eftir \u00feetta, en \u2026\u2026\u2026. af \u00fdmsum ors\u00f6kum dr\u00f3st \u00fea\u00f0 \u00e1 langinn, of miki\u00f0 \u00e1 langinn \u00fev\u00ed mi\u00f0ur. En \u00fea\u00f0 f\u00f3r loks svo a\u00f0 stofnfundur var haldinn 30. september 2005 og<br>TIL HAMINGJU ME\u00d0 \u00deA\u00d0 K\u00c6RU HARLEY EIGENDUR!<\/p>\n","protected":false},"excerpt":{"rendered":"<p>Um Harley-Davidson Club Iceland Hugmynd a\u00f0 stofnun kl\u00fabbsins vakna\u00f0i hausti\u00f0 2003,Lj-\u00d3skar Sigur\u00f0sson #3 b\u00fasettur \u00ed Noregi haf\u00f0i \u00fe\u00e1 veri\u00f0 me\u00f0limur Harley-Davidson Owners Club Norway (H-DOCN) um nokkurt skei\u00f0 og mj\u00f6g virkur innan kl\u00fabbsins. \u00dear sem \u00d3skar er \u00edslenskur og var kominn \u00ed stj\u00f3rn norska kl\u00fabbsins vakna\u00f0i s\u00fa spurning me\u00f0al norskra stj\u00f3rnarme\u00f0lima hversvegna \u00edslendingar v\u00e6ru ekki [&hellip;]<\/p>\n","protected":false},"author":209,"featured_media":0,"parent":0,"menu_order":0,"comment_status":"closed","ping_status":"closed","template":"page-no-title","meta":{"footnotes":""},"class_list":["post-34","page","type-page","status-publish","hentry"],"yoast_head":"<!-- This site is optimized with the Yoast SEO plugin v27.0 - https:\/\/yoast.com\/product\/yoast-seo-wordpress\/ -->\n<title>Um Harley-Davidson Club Iceland<\/title>\n<meta name=\"robots\" content=\"index, follow, max-snippet:-1, max-image-preview:large, max-video-preview:-1\" \/>\n<link rel=\"canonical\" href=\"https:\/\/hdcice.is\/en\/um-harley-davidson-club-iceland\/\" \/>\n<meta property=\"og:locale\" content=\"en_US\" \/>\n<meta property=\"og:locale:alternate\" content=\"is_IS\" \/>\n<meta property=\"og:type\" content=\"article\" \/>\n<meta property=\"og:title\" content=\"Um Harley-Davidson Club Iceland\" \/>\n<meta property=\"og:description\" content=\"Um Harley-Davidson Club Iceland Hugmynd a\u00f0 stofnun kl\u00fabbsins vakna\u00f0i hausti\u00f0 2003,Lj-\u00d3skar Sigur\u00f0sson #3 b\u00fasettur \u00ed Noregi haf\u00f0i \u00fe\u00e1 veri\u00f0 me\u00f0limur Harley-Davidson Owners Club Norway (H-DOCN) um nokkurt skei\u00f0 og mj\u00f6g virkur innan kl\u00fabbsins. \u00dear sem \u00d3skar er \u00edslenskur og var kominn \u00ed stj\u00f3rn norska kl\u00fabbsins vakna\u00f0i s\u00fa spurning me\u00f0al norskra stj\u00f3rnarme\u00f0lima hversvegna \u00edslendingar v\u00e6ru ekki [&hellip;]\" \/>\n<meta property=\"og:url\" content=\"https:\/\/hdcice.is\/en\/um-harley-davidson-club-iceland\/\" \/>\n<meta property=\"og:site_name\" content=\"HARLEY-DAVIDSON CLUB ICELAND\" \/>\n<meta property=\"article:publisher\" content=\"https:\/\/www.facebook.com\/stjorn.hdcice\" \/>\n<meta property=\"article:modified_time\" content=\"2024-08-08T20:19:42+00:00\" \/>\n<meta name=\"twitter:card\" content=\"summary_large_image\" \/>\n<meta name=\"twitter:label1\" content=\"Est. reading time\" \/>\n\t<meta name=\"twitter:data1\" content=\"2 minutes\" \/>\n<script type=\"application\/ld+json\" class=\"yoast-schema-graph\">{\"@context\":\"https:\/\/schema.org\",\"@graph\":[{\"@type\":\"WebPage\",\"@id\":\"https:\/\/hdcice.is\/um-harley-davidson-club-iceland\/\",\"url\":\"https:\/\/hdcice.is\/um-harley-davidson-club-iceland\/\",\"name\":\"Um Harley-Davidson Club Iceland\",\"isPartOf\":{\"@id\":\"https:\/\/hdcice.is\/#website\"},\"datePublished\":\"2018-03-31T07:46:19+00:00\",\"dateModified\":\"2024-08-08T20:19:42+00:00\",\"breadcrumb\":{\"@id\":\"https:\/\/hdcice.is\/um-harley-davidson-club-iceland\/#breadcrumb\"},\"inLanguage\":\"en-US\",\"potentialAction\":[{\"@type\":\"ReadAction\",\"target\":[\"https:\/\/hdcice.is\/um-harley-davidson-club-iceland\/\"]}]},{\"@type\":\"BreadcrumbList\",\"@id\":\"https:\/\/hdcice.is\/um-harley-davidson-club-iceland\/#breadcrumb\",\"itemListElement\":[{\"@type\":\"ListItem\",\"position\":1,\"name\":\"Home\",\"item\":\"https:\/\/hdcice.is\/\"},{\"@type\":\"ListItem\",\"position\":2,\"name\":\"Um Harley-Davidson Club Iceland\"}]},{\"@type\":\"WebSite\",\"@id\":\"https:\/\/hdcice.is\/#website\",\"url\":\"https:\/\/hdcice.is\/\",\"name\":\"Harley-Davidson Club Iceland\",\"description\":\"Harley-Davidson Club Iceland\",\"publisher\":{\"@id\":\"https:\/\/hdcice.is\/#organization\"},\"potentialAction\":[{\"@type\":\"SearchAction\",\"target\":{\"@type\":\"EntryPoint\",\"urlTemplate\":\"https:\/\/hdcice.is\/?s={search_term_string}\"},\"query-input\":{\"@type\":\"PropertyValueSpecification\",\"valueRequired\":true,\"valueName\":\"search_term_string\"}}],\"inLanguage\":\"en-US\"},{\"@type\":\"Organization\",\"@id\":\"https:\/\/hdcice.is\/#organization\",\"name\":\"Harley-Davidson Club Iceland\",\"url\":\"https:\/\/hdcice.is\/\",\"logo\":{\"@type\":\"ImageObject\",\"inLanguage\":\"en-US\",\"@id\":\"https:\/\/hdcice.is\/#\/schema\/logo\/image\/\",\"url\":\"https:\/\/hdcice.is\/wp-content\/uploads\/2024\/08\/Harley-staerra-_letur2021-2-small.png\",\"contentUrl\":\"https:\/\/hdcice.is\/wp-content\/uploads\/2024\/08\/Harley-staerra-_letur2021-2-small.png\",\"width\":250,\"height\":214,\"caption\":\"Harley-Davidson Club Iceland\"},\"image\":{\"@id\":\"https:\/\/hdcice.is\/#\/schema\/logo\/image\/\"},\"sameAs\":[\"https:\/\/www.facebook.com\/stjorn.hdcice\",\"https:\/\/www.instagram.com\/hdcice\"]}]}<\/script>\n<!-- \/ Yoast SEO plugin. -->","yoast_head_json":{"title":"Um Harley-Davidson Club Iceland","robots":{"index":"index","follow":"follow","max-snippet":"max-snippet:-1","max-image-preview":"max-image-preview:large","max-video-preview":"max-video-preview:-1"},"canonical":"https:\/\/hdcice.is\/en\/um-harley-davidson-club-iceland\/","og_locale":"en_US","og_type":"article","og_title":"[:is]Um Harley-Davidson Club Iceland[:] - HARLEY-DAVIDSON CLUB ICELAND","og_description":"Um Harley-Davidson Club Iceland Hugmynd a\u00f0 stofnun kl\u00fabbsins vakna\u00f0i hausti\u00f0 2003,Lj-\u00d3skar Sigur\u00f0sson #3 b\u00fasettur \u00ed Noregi haf\u00f0i \u00fe\u00e1 veri\u00f0 me\u00f0limur Harley-Davidson Owners Club Norway (H-DOCN) um nokkurt skei\u00f0 og mj\u00f6g virkur innan kl\u00fabbsins. \u00dear sem \u00d3skar er \u00edslenskur og var kominn \u00ed stj\u00f3rn norska kl\u00fabbsins vakna\u00f0i s\u00fa spurning me\u00f0al norskra stj\u00f3rnarme\u00f0lima hversvegna \u00edslendingar v\u00e6ru ekki [&hellip;]","og_url":"https:\/\/hdcice.is\/en\/um-harley-davidson-club-iceland\/","og_site_name":"HARLEY-DAVIDSON CLUB ICELAND","article_publisher":"https:\/\/www.facebook.com\/stjorn.hdcice","article_modified_time":"2024-08-08T20:19:42+00:00","twitter_card":"summary_large_image","twitter_misc":{"Est. reading time":"2 minutes"},"schema":{"@context":"https:\/\/schema.org","@graph":[{"@type":"WebPage","@id":"https:\/\/hdcice.is\/um-harley-davidson-club-iceland\/","url":"https:\/\/hdcice.is\/um-harley-davidson-club-iceland\/","name":"Um Harley-Davidson Club Iceland","isPartOf":{"@id":"https:\/\/hdcice.is\/#website"},"datePublished":"2018-03-31T07:46:19+00:00","dateModified":"2024-08-08T20:19:42+00:00","breadcrumb":{"@id":"https:\/\/hdcice.is\/um-harley-davidson-club-iceland\/#breadcrumb"},"inLanguage":"en-US","potentialAction":[{"@type":"ReadAction","target":["https:\/\/hdcice.is\/um-harley-davidson-club-iceland\/"]}]},{"@type":"BreadcrumbList","@id":"https:\/\/hdcice.is\/um-harley-davidson-club-iceland\/#breadcrumb","itemListElement":[{"@type":"ListItem","position":1,"name":"Home","item":"https:\/\/hdcice.is\/"},{"@type":"ListItem","position":2,"name":"Um Harley-Davidson Club Iceland"}]},{"@type":"WebSite","@id":"https:\/\/hdcice.is\/#website","url":"https:\/\/hdcice.is\/","name":"Harley-Davidson Club Iceland","description":"Harley-Davidson Club Iceland","publisher":{"@id":"https:\/\/hdcice.is\/#organization"},"potentialAction":[{"@type":"SearchAction","target":{"@type":"EntryPoint","urlTemplate":"https:\/\/hdcice.is\/?s={search_term_string}"},"query-input":{"@type":"PropertyValueSpecification","valueRequired":true,"valueName":"search_term_string"}}],"inLanguage":"en-US"},{"@type":"Organization","@id":"https:\/\/hdcice.is\/#organization","name":"Harley-Davidson Club Iceland","url":"https:\/\/hdcice.is\/","logo":{"@type":"ImageObject","inLanguage":"en-US","@id":"https:\/\/hdcice.is\/#\/schema\/logo\/image\/","url":"https:\/\/hdcice.is\/wp-content\/uploads\/2024\/08\/Harley-staerra-_letur2021-2-small.png","contentUrl":"https:\/\/hdcice.is\/wp-content\/uploads\/2024\/08\/Harley-staerra-_letur2021-2-small.png","width":250,"height":214,"caption":"Harley-Davidson Club Iceland"},"image":{"@id":"https:\/\/hdcice.is\/#\/schema\/logo\/image\/"},"sameAs":["https:\/\/www.facebook.com\/stjorn.hdcice","https:\/\/www.instagram.com\/hdcice"]}]}},"jetpack_sharing_enabled":true,"_links":{"self":[{"href":"https:\/\/hdcice.is\/en\/wp-json\/wp\/v2\/pages\/34","targetHints":{"allow":["GET"]}}],"collection":[{"href":"https:\/\/hdcice.is\/en\/wp-json\/wp\/v2\/pages"}],"about":[{"href":"https:\/\/hdcice.is\/en\/wp-json\/wp\/v2\/types\/page"}],"author":[{"embeddable":true,"href":"https:\/\/hdcice.is\/en\/wp-json\/wp\/v2\/users\/209"}],"replies":[{"embeddable":true,"href":"https:\/\/hdcice.is\/en\/wp-json\/wp\/v2\/comments?post=34"}],"version-history":[{"count":5,"href":"https:\/\/hdcice.is\/en\/wp-json\/wp\/v2\/pages\/34\/revisions"}],"predecessor-version":[{"id":1270,"href":"https:\/\/hdcice.is\/en\/wp-json\/wp\/v2\/pages\/34\/revisions\/1270"}],"wp:attachment":[{"href":"https:\/\/hdcice.is\/en\/wp-json\/wp\/v2\/media?parent=34"}],"curies":[{"name":"wp","href":"https:\/\/api.w.org\/{rel}","templated":true}]}}