{"id":45,"date":"2024-06-25T00:35:58","date_gmt":"2024-06-25T00:35:58","guid":{"rendered":"http:\/\/www.hdcice.is\/wp\/?page_id=45"},"modified":"2026-02-12T13:09:12","modified_gmt":"2026-02-12T13:09:12","slug":"stjorn-harley-davidson-club-iceland","status":"publish","type":"page","link":"https:\/\/hdcice.is\/en\/stjorn-harley-davidson-club-iceland\/","title":{"rendered":"Harley-Davidson Club Iceland"},"content":{"rendered":"\n<p class=\"has-text-align-center\"><strong>Hei\u00f0ar Valur Bergmann<br>President<\/strong><\/p>\n\n\n\n<p class=\"has-text-align-center\">president [hj\u00e1]hdcice.is<\/p>\n\n\n\n<p class=\"has-text-align-center\"><strong>Gunnar \u00de\u00f3r Gu\u00f0mundsson<br>Vice president<\/strong><\/p>\n\n\n\n<p class=\"has-text-align-center\">vicepresident [hj\u00e1]hdcice.is<\/p>\n\n\n\n<p class=\"has-text-align-center\"><strong>\u00d3lafur Geir Magn\u00fasson<br>Treasurer<\/strong><\/p>\n\n\n\n<p class=\"has-text-align-center\">treasurer [hj\u00e1]hdcice.is<\/p>\n\n\n\n<p class=\"has-text-align-center\"><strong>Stef\u00e1n P\u00e1ll J\u00f3nsson<br>Secretary<\/strong><\/p>\n\n\n\n<p class=\"has-text-align-center\">secretary [hja]hdcice.is<\/p>\n\n\n\n<p><\/p>\n","protected":false},"excerpt":{"rendered":"<p>Hei\u00f0ar Valur BergmannPresident president [hj\u00e1]hdcice.is Gunnar \u00de\u00f3r Gu\u00f0mundssonVice president vicepresident [hj\u00e1]hdcice.is \u00d3lafur Geir Magn\u00fassonTreasurer treasurer [hj\u00e1]hdcice.is Stef\u00e1n P\u00e1ll J\u00f3nssonSecretary secretary [hja]hdcice.is<\/p>\n","protected":false},"author":209,"featured_media":0,"parent":0,"menu_order":0,"comment_status":"closed","ping_status":"closed","template":"page-no-title","meta":{"footnotes":""},"class_list":["post-45","page","type-page","status-publish","hentry"],"yoast_head":"<!-- This site is optimized with the Yoast SEO plugin v27.0 - https:\/\/yoast.com\/product\/yoast-seo-wordpress\/ -->\n<title>Harley-Davidson Club Iceland<\/title>\n<meta name=\"robots\" content=\"index, follow, max-snippet:-1, max-image-preview:large, max-video-preview:-1\" \/>\n<link rel=\"canonical\" href=\"https:\/\/hdcice.is\/en\/stjorn-harley-davidson-club-iceland\/\" \/>\n<meta property=\"og:locale\" content=\"en_US\" \/>\n<meta property=\"og:locale:alternate\" content=\"is_IS\" \/>\n<meta property=\"og:type\" content=\"article\" \/>\n<meta property=\"og:title\" content=\"Harley-Davidson Club Iceland\" \/>\n<meta property=\"og:description\" content=\"Hei\u00f0ar Valur BergmannPresident president [hj\u00e1]hdcice.is Gunnar \u00de\u00f3r Gu\u00f0mundssonVice president vicepresident [hj\u00e1]hdcice.is \u00d3lafur Geir Magn\u00fassonTreasurer treasurer [hj\u00e1]hdcice.is Stef\u00e1n P\u00e1ll J\u00f3nssonSecretary secretary [hja]hdcice.is\" \/>\n<meta property=\"og:url\" content=\"https:\/\/hdcice.is\/en\/stjorn-harley-davidson-club-iceland\/\" \/>\n<meta property=\"og:site_name\" content=\"HARLEY-DAVIDSON CLUB ICELAND\" \/>\n<meta property=\"article:publisher\" content=\"https:\/\/www.facebook.com\/stjorn.hdcice\" \/>\n<meta property=\"article:modified_time\" content=\"2026-02-12T13:09:12+00:00\" \/>\n<meta name=\"twitter:card\" content=\"summary_large_image\" \/>\n<meta name=\"twitter:label1\" content=\"Est. reading time\" \/>\n\t<meta name=\"twitter:data1\" content=\"1 minute\" \/>\n<script type=\"application\/ld+json\" class=\"yoast-schema-graph\">{\"@context\":\"https:\/\/schema.org\",\"@graph\":[{\"@type\":\"WebPage\",\"@id\":\"https:\/\/hdcice.is\/en\/stjorn-harley-davidson-club-iceland\/\",\"url\":\"https:\/\/hdcice.is\/en\/stjorn-harley-davidson-club-iceland\/\",\"name\":\"Harley-Davidson Club Iceland\",\"isPartOf\":{\"@id\":\"https:\/\/hdcice.is\/#website\"},\"datePublished\":\"2024-06-25T00:35:58+00:00\",\"dateModified\":\"2026-02-12T13:09:12+00:00\",\"breadcrumb\":{\"@id\":\"https:\/\/hdcice.is\/en\/stjorn-harley-davidson-club-iceland\/#breadcrumb\"},\"inLanguage\":\"en-US\",\"potentialAction\":[{\"@type\":\"ReadAction\",\"target\":[\"https:\/\/hdcice.is\/en\/stjorn-harley-davidson-club-iceland\/\"]}]},{\"@type\":\"BreadcrumbList\",\"@id\":\"https:\/\/hdcice.is\/en\/stjorn-harley-davidson-club-iceland\/#breadcrumb\",\"itemListElement\":[{\"@type\":\"ListItem\",\"position\":1,\"name\":\"Home\",\"item\":\"https:\/\/hdcice.is\/\"},{\"@type\":\"ListItem\",\"position\":2,\"name\":\"Harley-Davidson Club Iceland\"}]},{\"@type\":\"WebSite\",\"@id\":\"https:\/\/hdcice.is\/#website\",\"url\":\"https:\/\/hdcice.is\/\",\"name\":\"Harley-Davidson Club Iceland\",\"description\":\"Harley-Davidson Club Iceland\",\"publisher\":{\"@id\":\"https:\/\/hdcice.is\/#organization\"},\"potentialAction\":[{\"@type\":\"SearchAction\",\"target\":{\"@type\":\"EntryPoint\",\"urlTemplate\":\"https:\/\/hdcice.is\/?s={search_term_string}\"},\"query-input\":{\"@type\":\"PropertyValueSpecification\",\"valueRequired\":true,\"valueName\":\"search_term_string\"}}],\"inLanguage\":\"en-US\"},{\"@type\":\"Organization\",\"@id\":\"https:\/\/hdcice.is\/#organization\",\"name\":\"Harley-Davidson Club Iceland\",\"url\":\"https:\/\/hdcice.is\/\",\"logo\":{\"@type\":\"ImageObject\",\"inLanguage\":\"en-US\",\"@id\":\"https:\/\/hdcice.is\/#\/schema\/logo\/image\/\",\"url\":\"https:\/\/hdcice.is\/wp-content\/uploads\/2024\/08\/Harley-staerra-_letur2021-2-small.png\",\"contentUrl\":\"https:\/\/hdcice.is\/wp-content\/uploads\/2024\/08\/Harley-staerra-_letur2021-2-small.png\",\"width\":250,\"height\":214,\"caption\":\"Harley-Davidson Club Iceland\"},\"image\":{\"@id\":\"https:\/\/hdcice.is\/#\/schema\/logo\/image\/\"},\"sameAs\":[\"https:\/\/www.facebook.com\/stjorn.hdcice\",\"https:\/\/www.instagram.com\/hdcice\"]}]}<\/script>\n<!-- \/ Yoast SEO plugin. -->","yoast_head_json":{"title":"Harley-Davidson Club Iceland","robots":{"index":"index","follow":"follow","max-snippet":"max-snippet:-1","max-image-preview":"max-image-preview:large","max-video-preview":"max-video-preview:-1"},"canonical":"https:\/\/hdcice.is\/en\/stjorn-harley-davidson-club-iceland\/","og_locale":"en_US","og_type":"article","og_title":"[:en]Harley-Davidson Club Iceland[:is]Stj\u00f3rn Harley-Davidson Club Iceland[:] - HARLEY-DAVIDSON CLUB ICELAND","og_description":"Hei\u00f0ar Valur BergmannPresident president [hj\u00e1]hdcice.is Gunnar \u00de\u00f3r Gu\u00f0mundssonVice president vicepresident [hj\u00e1]hdcice.is \u00d3lafur Geir Magn\u00fassonTreasurer treasurer [hj\u00e1]hdcice.is Stef\u00e1n P\u00e1ll J\u00f3nssonSecretary secretary [hja]hdcice.is","og_url":"https:\/\/hdcice.is\/en\/stjorn-harley-davidson-club-iceland\/","og_site_name":"HARLEY-DAVIDSON CLUB ICELAND","article_publisher":"https:\/\/www.facebook.com\/stjorn.hdcice","article_modified_time":"2026-02-12T13:09:12+00:00","twitter_card":"summary_large_image","twitter_misc":{"Est. reading time":"1 minute"},"schema":{"@context":"https:\/\/schema.org","@graph":[{"@type":"WebPage","@id":"https:\/\/hdcice.is\/en\/stjorn-harley-davidson-club-iceland\/","url":"https:\/\/hdcice.is\/en\/stjorn-harley-davidson-club-iceland\/","name":"Harley-Davidson Club Iceland","isPartOf":{"@id":"https:\/\/hdcice.is\/#website"},"datePublished":"2024-06-25T00:35:58+00:00","dateModified":"2026-02-12T13:09:12+00:00","breadcrumb":{"@id":"https:\/\/hdcice.is\/en\/stjorn-harley-davidson-club-iceland\/#breadcrumb"},"inLanguage":"en-US","potentialAction":[{"@type":"ReadAction","target":["https:\/\/hdcice.is\/en\/stjorn-harley-davidson-club-iceland\/"]}]},{"@type":"BreadcrumbList","@id":"https:\/\/hdcice.is\/en\/stjorn-harley-davidson-club-iceland\/#breadcrumb","itemListElement":[{"@type":"ListItem","position":1,"name":"Home","item":"https:\/\/hdcice.is\/"},{"@type":"ListItem","position":2,"name":"Harley-Davidson Club Iceland"}]},{"@type":"WebSite","@id":"https:\/\/hdcice.is\/#website","url":"https:\/\/hdcice.is\/","name":"Harley-Davidson Club Iceland","description":"Harley-Davidson Club Iceland","publisher":{"@id":"https:\/\/hdcice.is\/#organization"},"potentialAction":[{"@type":"SearchAction","target":{"@type":"EntryPoint","urlTemplate":"https:\/\/hdcice.is\/?s={search_term_string}"},"query-input":{"@type":"PropertyValueSpecification","valueRequired":true,"valueName":"search_term_string"}}],"inLanguage":"en-US"},{"@type":"Organization","@id":"https:\/\/hdcice.is\/#organization","name":"Harley-Davidson Club Iceland","url":"https:\/\/hdcice.is\/","logo":{"@type":"ImageObject","inLanguage":"en-US","@id":"https:\/\/hdcice.is\/#\/schema\/logo\/image\/","url":"https:\/\/hdcice.is\/wp-content\/uploads\/2024\/08\/Harley-staerra-_letur2021-2-small.png","contentUrl":"https:\/\/hdcice.is\/wp-content\/uploads\/2024\/08\/Harley-staerra-_letur2021-2-small.png","width":250,"height":214,"caption":"Harley-Davidson Club Iceland"},"image":{"@id":"https:\/\/hdcice.is\/#\/schema\/logo\/image\/"},"sameAs":["https:\/\/www.facebook.com\/stjorn.hdcice","https:\/\/www.instagram.com\/hdcice"]}]}},"jetpack_sharing_enabled":true,"_links":{"self":[{"href":"https:\/\/hdcice.is\/en\/wp-json\/wp\/v2\/pages\/45","targetHints":{"allow":["GET"]}}],"collection":[{"href":"https:\/\/hdcice.is\/en\/wp-json\/wp\/v2\/pages"}],"about":[{"href":"https:\/\/hdcice.is\/en\/wp-json\/wp\/v2\/types\/page"}],"author":[{"embeddable":true,"href":"https:\/\/hdcice.is\/en\/wp-json\/wp\/v2\/users\/209"}],"replies":[{"embeddable":true,"href":"https:\/\/hdcice.is\/en\/wp-json\/wp\/v2\/comments?post=45"}],"version-history":[{"count":23,"href":"https:\/\/hdcice.is\/en\/wp-json\/wp\/v2\/pages\/45\/revisions"}],"predecessor-version":[{"id":1435,"href":"https:\/\/hdcice.is\/en\/wp-json\/wp\/v2\/pages\/45\/revisions\/1435"}],"wp:attachment":[{"href":"https:\/\/hdcice.is\/en\/wp-json\/wp\/v2\/media?parent=45"}],"curies":[{"name":"wp","href":"https:\/\/api.w.org\/{rel}","templated":true}]}}