{"id":1462,"date":"2026-02-25T11:51:25","date_gmt":"2026-02-25T11:51:25","guid":{"rendered":"https:\/\/hdcice.is\/?post_type=product&#038;p=1462"},"modified":"2026-02-25T16:00:05","modified_gmt":"2026-02-25T16:00:05","slug":"h-dcice-klubbhringurinn-breki-design","status":"publish","type":"product","link":"https:\/\/hdcice.is\/en\/product\/h-dcice-klubbhringurinn-breki-design\/","title":{"rendered":"H-DCICE kl\u00fabbhringurinn"},"content":{"rendered":"<p>H-DCICE kl\u00fabbhringurinn s\u00e9rsm\u00ed\u00f0a\u00f0ur af <a href=\"https:\/\/www.facebook.com\/BrekiJewelry\">Breki Jewelry<\/a><\/p>\n<p>Hver einasti hringur er einstakur \u00far Sterling silfri<\/p>\n<p>Kl\u00fabbn\u00famer hvers me\u00f0lims grafi\u00f0 a\u00f0 innan<\/p>\n<p>A\u00f0eins \u00ed bo\u00f0i fyrir skr\u00e1\u00f0a me\u00f0limi.<\/p>\n","protected":false},"excerpt":{"rendered":"<p>H-DCICE kl\u00fabbhringurinn s\u00e9rsm\u00ed\u00f0a\u00f0ur af <a href=\"https:\/\/www.facebook.com\/BrekiJewelry\">Breki Jewelry<\/a><\/p>\n<p>Hver einasti hringur er einstakur \u00far Sterling silfri<\/p>\n<p>Kl\u00fabbn\u00famer hvers me\u00f0lims grafi\u00f0 a\u00f0 innan<\/p>\n<p>A\u00f0eins \u00ed bo\u00f0i fyrir skr\u00e1\u00f0a me\u00f0limi.<\/p>\n<p>&nbsp;<\/p>\n","protected":false},"featured_media":1463,"comment_status":"open","ping_status":"closed","template":"","meta":[],"product_brand":[],"product_cat":[43],"product_tag":[],"class_list":{"0":"post-1462","1":"product","2":"type-product","3":"status-publish","4":"has-post-thumbnail","6":"product_cat-hringurinn","8":"first","9":"instock","10":"taxable","11":"shipping-taxable","12":"purchasable","13":"product-type-simple"},"yoast_head":"<!-- This site is optimized with the Yoast SEO plugin v27.0 - https:\/\/yoast.com\/product\/yoast-seo-wordpress\/ -->\n<title>H-DCICE kl\u00fabbhringurinn<\/title>\n<meta name=\"robots\" content=\"index, follow, max-snippet:-1, max-image-preview:large, max-video-preview:-1\" \/>\n<link rel=\"canonical\" href=\"https:\/\/hdcice.is\/en\/product\/h-dcice-klubbhringurinn-breki-design\/\" \/>\n<meta property=\"og:locale\" content=\"en_US\" \/>\n<meta property=\"og:locale:alternate\" content=\"is_IS\" \/>\n<meta property=\"og:type\" content=\"article\" \/>\n<meta property=\"og:title\" content=\"H-DCICE kl\u00fabbhringurinn\" \/>\n<meta property=\"og:description\" content=\"H-DCICE kl\u00fabbhringurinn s\u00e9rsm\u00ed\u00f0a\u00f0ur af Breki Jewelry  Hver einasti hringur er einstakur \u00far Sterling silfri  Kl\u00fabbn\u00famer hvers me\u00f0lims grafi\u00f0 a\u00f0 innan  A\u00f0eins \u00ed bo\u00f0i fyrir skr\u00e1\u00f0a me\u00f0limi.  &nbsp;\" \/>\n<meta property=\"og:url\" content=\"https:\/\/hdcice.is\/en\/product\/h-dcice-klubbhringurinn-breki-design\/\" \/>\n<meta property=\"og:site_name\" content=\"HARLEY-DAVIDSON CLUB ICELAND\" \/>\n<meta property=\"article:publisher\" content=\"https:\/\/www.facebook.com\/stjorn.hdcice\" \/>\n<meta property=\"article:modified_time\" content=\"2026-02-25T16:00:05+00:00\" \/>\n<meta property=\"og:image\" content=\"https:\/\/hdcice.is\/wp-content\/uploads\/2026\/02\/491464947_18502047064059566_7843083637637132407_n.jpg\" \/>\n\t<meta property=\"og:image:width\" content=\"1440\" \/>\n\t<meta property=\"og:image:height\" content=\"1650\" \/>\n\t<meta property=\"og:image:type\" content=\"image\/jpeg\" \/>\n<meta name=\"twitter:card\" content=\"summary_large_image\" \/>\n<meta name=\"twitter:label1\" content=\"Est. reading time\" \/>\n\t<meta name=\"twitter:data1\" content=\"1 minute\" \/>\n<script type=\"application\/ld+json\" class=\"yoast-schema-graph\">{\"@context\":\"https:\/\/schema.org\",\"@graph\":[{\"@type\":\"WebPage\",\"@id\":\"https:\/\/hdcice.is\/product\/h-dcice-klubbhringurinn-breki-design\/\",\"url\":\"https:\/\/hdcice.is\/product\/h-dcice-klubbhringurinn-breki-design\/\",\"name\":\"H-DCICE kl\u00fabbhringurinn\",\"isPartOf\":{\"@id\":\"https:\/\/hdcice.is\/#website\"},\"primaryImageOfPage\":{\"@id\":\"https:\/\/hdcice.is\/product\/h-dcice-klubbhringurinn-breki-design\/#primaryimage\"},\"image\":{\"@id\":\"https:\/\/hdcice.is\/product\/h-dcice-klubbhringurinn-breki-design\/#primaryimage\"},\"thumbnailUrl\":\"https:\/\/hdcice.is\/wp-content\/uploads\/2026\/02\/491464947_18502047064059566_7843083637637132407_n.jpg\",\"datePublished\":\"2026-02-25T11:51:25+00:00\",\"dateModified\":\"2026-02-25T16:00:05+00:00\",\"breadcrumb\":{\"@id\":\"https:\/\/hdcice.is\/product\/h-dcice-klubbhringurinn-breki-design\/#breadcrumb\"},\"inLanguage\":\"en-US\",\"potentialAction\":[{\"@type\":\"ReadAction\",\"target\":[\"https:\/\/hdcice.is\/product\/h-dcice-klubbhringurinn-breki-design\/\"]}]},{\"@type\":\"ImageObject\",\"inLanguage\":\"en-US\",\"@id\":\"https:\/\/hdcice.is\/product\/h-dcice-klubbhringurinn-breki-design\/#primaryimage\",\"url\":\"https:\/\/hdcice.is\/wp-content\/uploads\/2026\/02\/491464947_18502047064059566_7843083637637132407_n.jpg\",\"contentUrl\":\"https:\/\/hdcice.is\/wp-content\/uploads\/2026\/02\/491464947_18502047064059566_7843083637637132407_n.jpg\",\"width\":1440,\"height\":1650},{\"@type\":\"BreadcrumbList\",\"@id\":\"https:\/\/hdcice.is\/product\/h-dcice-klubbhringurinn-breki-design\/#breadcrumb\",\"itemListElement\":[{\"@type\":\"ListItem\",\"position\":1,\"name\":\"Home\",\"item\":\"https:\/\/hdcice.is\/\"},{\"@type\":\"ListItem\",\"position\":2,\"name\":\"Vefverslun\",\"item\":\"https:\/\/hdcice.is\/shop\/\"},{\"@type\":\"ListItem\",\"position\":3,\"name\":\"H-DCICE kl\u00fabbhringurinn\"}]},{\"@type\":\"WebSite\",\"@id\":\"https:\/\/hdcice.is\/#website\",\"url\":\"https:\/\/hdcice.is\/\",\"name\":\"Harley-Davidson Club Iceland\",\"description\":\"Harley-Davidson Club Iceland\",\"publisher\":{\"@id\":\"https:\/\/hdcice.is\/#organization\"},\"potentialAction\":[{\"@type\":\"SearchAction\",\"target\":{\"@type\":\"EntryPoint\",\"urlTemplate\":\"https:\/\/hdcice.is\/?s={search_term_string}\"},\"query-input\":{\"@type\":\"PropertyValueSpecification\",\"valueRequired\":true,\"valueName\":\"search_term_string\"}}],\"inLanguage\":\"en-US\"},{\"@type\":\"Organization\",\"@id\":\"https:\/\/hdcice.is\/#organization\",\"name\":\"Harley-Davidson Club Iceland\",\"url\":\"https:\/\/hdcice.is\/\",\"logo\":{\"@type\":\"ImageObject\",\"inLanguage\":\"en-US\",\"@id\":\"https:\/\/hdcice.is\/#\/schema\/logo\/image\/\",\"url\":\"https:\/\/hdcice.is\/wp-content\/uploads\/2024\/08\/Harley-staerra-_letur2021-2-small.png\",\"contentUrl\":\"https:\/\/hdcice.is\/wp-content\/uploads\/2024\/08\/Harley-staerra-_letur2021-2-small.png\",\"width\":250,\"height\":214,\"caption\":\"Harley-Davidson Club Iceland\"},\"image\":{\"@id\":\"https:\/\/hdcice.is\/#\/schema\/logo\/image\/\"},\"sameAs\":[\"https:\/\/www.facebook.com\/stjorn.hdcice\",\"https:\/\/www.instagram.com\/hdcice\"]}]}<\/script>\n<!-- \/ Yoast SEO plugin. -->","yoast_head_json":{"title":"H-DCICE kl\u00fabbhringurinn","robots":{"index":"index","follow":"follow","max-snippet":"max-snippet:-1","max-image-preview":"max-image-preview:large","max-video-preview":"max-video-preview:-1"},"canonical":"https:\/\/hdcice.is\/en\/product\/h-dcice-klubbhringurinn-breki-design\/","og_locale":"en_US","og_type":"article","og_title":"[:is]H-DCICE kl\u00fabbhringurinn[:] - HARLEY-DAVIDSON CLUB ICELAND","og_description":"H-DCICE kl\u00fabbhringurinn s\u00e9rsm\u00ed\u00f0a\u00f0ur af Breki Jewelry  Hver einasti hringur er einstakur \u00far Sterling silfri  Kl\u00fabbn\u00famer hvers me\u00f0lims grafi\u00f0 a\u00f0 innan  A\u00f0eins \u00ed bo\u00f0i fyrir skr\u00e1\u00f0a me\u00f0limi.  &nbsp;","og_url":"https:\/\/hdcice.is\/en\/product\/h-dcice-klubbhringurinn-breki-design\/","og_site_name":"HARLEY-DAVIDSON CLUB ICELAND","article_publisher":"https:\/\/www.facebook.com\/stjorn.hdcice","article_modified_time":"2026-02-25T16:00:05+00:00","og_image":[{"width":1440,"height":1650,"url":"https:\/\/hdcice.is\/wp-content\/uploads\/2026\/02\/491464947_18502047064059566_7843083637637132407_n.jpg","type":"image\/jpeg"}],"twitter_card":"summary_large_image","twitter_misc":{"Est. reading time":"1 minute"},"schema":{"@context":"https:\/\/schema.org","@graph":[{"@type":"WebPage","@id":"https:\/\/hdcice.is\/product\/h-dcice-klubbhringurinn-breki-design\/","url":"https:\/\/hdcice.is\/product\/h-dcice-klubbhringurinn-breki-design\/","name":"H-DCICE kl\u00fabbhringurinn","isPartOf":{"@id":"https:\/\/hdcice.is\/#website"},"primaryImageOfPage":{"@id":"https:\/\/hdcice.is\/product\/h-dcice-klubbhringurinn-breki-design\/#primaryimage"},"image":{"@id":"https:\/\/hdcice.is\/product\/h-dcice-klubbhringurinn-breki-design\/#primaryimage"},"thumbnailUrl":"https:\/\/hdcice.is\/wp-content\/uploads\/2026\/02\/491464947_18502047064059566_7843083637637132407_n.jpg","datePublished":"2026-02-25T11:51:25+00:00","dateModified":"2026-02-25T16:00:05+00:00","breadcrumb":{"@id":"https:\/\/hdcice.is\/product\/h-dcice-klubbhringurinn-breki-design\/#breadcrumb"},"inLanguage":"en-US","potentialAction":[{"@type":"ReadAction","target":["https:\/\/hdcice.is\/product\/h-dcice-klubbhringurinn-breki-design\/"]}]},{"@type":"ImageObject","inLanguage":"en-US","@id":"https:\/\/hdcice.is\/product\/h-dcice-klubbhringurinn-breki-design\/#primaryimage","url":"https:\/\/hdcice.is\/wp-content\/uploads\/2026\/02\/491464947_18502047064059566_7843083637637132407_n.jpg","contentUrl":"https:\/\/hdcice.is\/wp-content\/uploads\/2026\/02\/491464947_18502047064059566_7843083637637132407_n.jpg","width":1440,"height":1650},{"@type":"BreadcrumbList","@id":"https:\/\/hdcice.is\/product\/h-dcice-klubbhringurinn-breki-design\/#breadcrumb","itemListElement":[{"@type":"ListItem","position":1,"name":"Home","item":"https:\/\/hdcice.is\/"},{"@type":"ListItem","position":2,"name":"Vefverslun","item":"https:\/\/hdcice.is\/shop\/"},{"@type":"ListItem","position":3,"name":"H-DCICE kl\u00fabbhringurinn"}]},{"@type":"WebSite","@id":"https:\/\/hdcice.is\/#website","url":"https:\/\/hdcice.is\/","name":"Harley-Davidson Club Iceland","description":"Harley-Davidson Club Iceland","publisher":{"@id":"https:\/\/hdcice.is\/#organization"},"potentialAction":[{"@type":"SearchAction","target":{"@type":"EntryPoint","urlTemplate":"https:\/\/hdcice.is\/?s={search_term_string}"},"query-input":{"@type":"PropertyValueSpecification","valueRequired":true,"valueName":"search_term_string"}}],"inLanguage":"en-US"},{"@type":"Organization","@id":"https:\/\/hdcice.is\/#organization","name":"Harley-Davidson Club Iceland","url":"https:\/\/hdcice.is\/","logo":{"@type":"ImageObject","inLanguage":"en-US","@id":"https:\/\/hdcice.is\/#\/schema\/logo\/image\/","url":"https:\/\/hdcice.is\/wp-content\/uploads\/2024\/08\/Harley-staerra-_letur2021-2-small.png","contentUrl":"https:\/\/hdcice.is\/wp-content\/uploads\/2024\/08\/Harley-staerra-_letur2021-2-small.png","width":250,"height":214,"caption":"Harley-Davidson Club Iceland"},"image":{"@id":"https:\/\/hdcice.is\/#\/schema\/logo\/image\/"},"sameAs":["https:\/\/www.facebook.com\/stjorn.hdcice","https:\/\/www.instagram.com\/hdcice"]}]}},"jetpack_sharing_enabled":true,"_links":{"self":[{"href":"https:\/\/hdcice.is\/en\/wp-json\/wp\/v2\/product\/1462","targetHints":{"allow":["GET"]}}],"collection":[{"href":"https:\/\/hdcice.is\/en\/wp-json\/wp\/v2\/product"}],"about":[{"href":"https:\/\/hdcice.is\/en\/wp-json\/wp\/v2\/types\/product"}],"replies":[{"embeddable":true,"href":"https:\/\/hdcice.is\/en\/wp-json\/wp\/v2\/comments?post=1462"}],"wp:featuredmedia":[{"embeddable":true,"href":"https:\/\/hdcice.is\/en\/wp-json\/wp\/v2\/media\/1463"}],"wp:attachment":[{"href":"https:\/\/hdcice.is\/en\/wp-json\/wp\/v2\/media?parent=1462"}],"wp:term":[{"taxonomy":"product_brand","embeddable":true,"href":"https:\/\/hdcice.is\/en\/wp-json\/wp\/v2\/product_brand?post=1462"},{"taxonomy":"product_cat","embeddable":true,"href":"https:\/\/hdcice.is\/en\/wp-json\/wp\/v2\/product_cat?post=1462"},{"taxonomy":"product_tag","embeddable":true,"href":"https:\/\/hdcice.is\/en\/wp-json\/wp\/v2\/product_tag?post=1462"}],"curies":[{"name":"wp","href":"https:\/\/api.w.org\/{rel}","templated":true}]}}